{"id":631,"date":"2023-05-02T16:03:32","date_gmt":"2023-05-02T16:03:32","guid":{"rendered":"https:\/\/www.taxi-aeroport-lyon-saint-exupery.fr\/rechtliche-hinweise\/"},"modified":"2023-05-23T10:15:38","modified_gmt":"2023-05-23T10:15:38","slug":"rechtliche-hinweise","status":"publish","type":"page","link":"https:\/\/www.taxi-aeroport-lyon-saint-exupery.fr\/de\/rechtliche-hinweise\/","title":{"rendered":"Rechtliche Hinweise"},"content":{"rendered":"\t\t<div data-elementor-type=\"wp-page\" data-elementor-id=\"631\" class=\"elementor elementor-631 elementor-329\" data-elementor-post-type=\"page\">\n\t\t\t\t\t\t<section class=\"elementor-section elementor-top-section elementor-element elementor-element-27ef757 elementor-section-boxed elementor-section-height-default elementor-section-height-default\" data-id=\"27ef757\" data-element_type=\"section\" data-e-type=\"section\">\n\t\t\t\t\t\t<div class=\"elementor-container elementor-column-gap-default\">\n\t\t\t\t\t<div class=\"elementor-column elementor-col-100 elementor-top-column elementor-element elementor-element-683d977\" data-id=\"683d977\" data-element_type=\"column\" data-e-type=\"column\">\n\t\t\t<div class=\"elementor-widget-wrap elementor-element-populated\">\n\t\t\t\t\t\t<div class=\"elementor-element elementor-element-f02deea elementor-widget elementor-widget-heading\" data-id=\"f02deea\" data-element_type=\"widget\" data-e-type=\"widget\" data-widget_type=\"heading.default\">\n\t\t\t\t<div class=\"elementor-widget-container\">\n\t\t\t\t\t<h1 class=\"elementor-heading-title elementor-size-default\">RECHTLICHE HINWEISE<\/h1>\t\t\t\t<\/div>\n\t\t\t\t<\/div>\n\t\t\t\t<div class=\"elementor-element elementor-element-dce5490 elementor-widget elementor-widget-text-editor\" data-id=\"dce5490\" data-element_type=\"widget\" data-e-type=\"widget\" data-widget_type=\"text-editor.default\">\n\t\t\t\t<div class=\"elementor-widget-container\">\n\t\t\t\t\t\t\t\t\t<p class=\"p2\"><span style=\"color: #000000;\">In Anwendung des Gesetzes Nr. 2004-575 vom 21. Juni 2004 \u00fcber das Vertrauen in die digitale Wirtschaft wird den Nutzern der Website www.transport-prestige69.fr im Folgenden die Gesamtheit der obligatorischen rechtlichen Hinweise mitgeteilt. Unsere Abteilungen stehen f\u00fcr alle Fragen zur Verf\u00fcgung, die hier nicht beantwortet werden k\u00f6nnen.<\/span><\/p>\n<p class=\"p1\"><span style=\"color: #000000;\"><b>UNTERNEHMEN<\/b><\/span><\/p>\n<p class=\"p2\"><span style=\"color: #000000;\"><b>Einrichtung :<\/b><\/span><\/p>\n<ul class=\"ul1\">\n<li class=\"li3\"><span class=\"s1\" style=\"color: #000000;\">Name des Unternehmens: Transport Prestige 69<\/span><\/li>\n<li class=\"li3\"><span class=\"s1\" style=\"color: #000000;\">Adresse des Hauptsitzes: 1 rue de Londres 69140 Rillieux La Pape<\/span><\/li>\n<li class=\"li3\"><span class=\"s1\" style=\"color: #000000;\">E-Mail-Adresse: contact @ transport-prestige69.fr<\/span><\/li>\n<li class=\"li3\"><span class=\"s1\" style=\"color: #000000;\">Rechtsform der Gesellschaft: SASU<\/span><\/li>\n<li class=\"li3\"><span class=\"s1\" style=\"color: #000000;\">H\u00f6he des Stammkapitals: 1.500,00 \u20ac<\/span><\/li>\n<li class=\"li3\"><span class=\"s1\" style=\"color: #000000;\">Name der F\u00fchrungskraft: Gregory Garcia<\/span><\/li>\n<li class=\"li3\"><span class=\"s1\" style=\"color: #000000;\">T\u00e4tigkeiten: Personenbef\u00f6rderung per Taxi, Betrieb von Transportfahrzeugen mit Fahrer, Vermietung von Fahrzeugen ohne Fahrer und Hausmeisterdienste.<br \/><\/span><\/li>\n<\/ul>\n<p class=\"p2\"><span style=\"color: #000000;\"><b>Identifikation :<\/b><\/span><\/p>\n<ul class=\"ul1\">\n<li class=\"li3\"><span class=\"s1\" style=\"color: #000000;\">S.I.R.E.T. N\u00b0 814.650.016<\/span><\/li>\n<li class=\"li3\"><span class=\"s1\" style=\"color: #000000;\">Datum der Registrierung: 15\/11\/2015<\/span><\/li>\n<li class=\"li3\"><span class=\"s1\" style=\"color: #000000;\">A.P.E.-Code: Nr. 4932 ZA (Personenbef\u00f6rderung mit Taxis).<\/span><\/li>\n<li><span style=\"color: #000000;\">Autorisation De Stationnement <strong>3108 <\/strong>commune de rattachement <strong>Sainte Foy les Lyon<\/strong><\/span><\/li>\n<li><span style=\"color: #000000;\">Lizenz Transport im Inland <strong>2021 84 0000465<\/strong><\/span><\/li>\n<\/ul>\n<p class=\"p1\"><span style=\"color: #000000;\"><b><br \/>KOMMUNIKATION<\/b><\/span><\/p>\n<p class=\"p2\"><span style=\"color: #000000;\"><b>Ver\u00f6ffentlichungen :<\/b><\/span><\/p>\n<ul class=\"ul1\">\n<li class=\"li3\"><span class=\"s1\" style=\"color: #000000;\">Name des Publikationsleiters: Gregory Garcia<\/span><\/li>\n<li class=\"li3\"><span class=\"s1\" style=\"color: #000000;\">Name des Redaktionsleiters: Gregory Garcia<\/span><\/li>\n<\/ul>\n<p class=\"p2\"><span style=\"color: #000000;\"><b>Website :<\/b><\/span><\/p>\n<ul class=\"ul1\">\n<li class=\"li3\"><span class=\"s1\" style=\"color: #000000;\">Design und Umsetzung : <a style=\"color: #000000;\" href=\"https:\/\/www.siteinternet-vtc.fr\/\"><br \/>\n  <span class=\"s2\">siteinternet-vtc.de<\/span><br \/>\n<\/a> im Auftrag der Firma Transport Prestige 69<\/span><\/li>\n<li class=\"li3\"><span class=\"s1\" style=\"color: #000000;\">. Name des Webhosters: O2switch.fr<\/span><\/li>\n<li class=\"li3\"><span class=\"s1\" style=\"color: #000000;\">. Kontaktdaten des Hosts der Website: 222 Boulevard Gustave Flaubert, 63000 Clermont-Ferrand<\/span><\/li>\n<\/ul>\n\t\t\t\t\t\t\t\t<\/div>\n\t\t\t\t<\/div>\n\t\t\t\t\t<\/div>\n\t\t<\/div>\n\t\t\t\t\t<\/div>\n\t\t<\/section>\n\t\t\t\t<\/div>\n\t\t","protected":false},"excerpt":{"rendered":"<p>RECHTLICHE HINWEISE In Anwendung des Gesetzes Nr. 2004-575 vom 21. Juni 2004 \u00fcber das Vertrauen in die digitale Wirtschaft wird den Nutzern der Website www.transport-prestige69.fr im Folgenden die Gesamtheit der obligatorischen rechtlichen Hinweise mitgeteilt. Unsere Abteilungen stehen f\u00fcr alle Fragen zur Verf\u00fcgung, die hier nicht beantwortet werden k\u00f6nnen. UNTERNEHMEN Einrichtung : Name des Unternehmens: Transport [&hellip;]<\/p>\n","protected":false},"author":1,"featured_media":0,"parent":0,"menu_order":0,"comment_status":"closed","ping_status":"closed","template":"elementor_header_footer","meta":{"footnotes":""},"class_list":["post-631","page","type-page","status-publish","hentry"],"_links":{"self":[{"href":"https:\/\/www.taxi-aeroport-lyon-saint-exupery.fr\/de\/wp-json\/wp\/v2\/pages\/631","targetHints":{"allow":["GET"]}}],"collection":[{"href":"https:\/\/www.taxi-aeroport-lyon-saint-exupery.fr\/de\/wp-json\/wp\/v2\/pages"}],"about":[{"href":"https:\/\/www.taxi-aeroport-lyon-saint-exupery.fr\/de\/wp-json\/wp\/v2\/types\/page"}],"author":[{"embeddable":true,"href":"https:\/\/www.taxi-aeroport-lyon-saint-exupery.fr\/de\/wp-json\/wp\/v2\/users\/1"}],"replies":[{"embeddable":true,"href":"https:\/\/www.taxi-aeroport-lyon-saint-exupery.fr\/de\/wp-json\/wp\/v2\/comments?post=631"}],"version-history":[{"count":2,"href":"https:\/\/www.taxi-aeroport-lyon-saint-exupery.fr\/de\/wp-json\/wp\/v2\/pages\/631\/revisions"}],"predecessor-version":[{"id":701,"href":"https:\/\/www.taxi-aeroport-lyon-saint-exupery.fr\/de\/wp-json\/wp\/v2\/pages\/631\/revisions\/701"}],"wp:attachment":[{"href":"https:\/\/www.taxi-aeroport-lyon-saint-exupery.fr\/de\/wp-json\/wp\/v2\/media?parent=631"}],"curies":[{"name":"wp","href":"https:\/\/api.w.org\/{rel}","templated":true}]}}