{"id":1208,"date":"2024-04-19T17:36:46","date_gmt":"2024-04-19T17:36:46","guid":{"rendered":"https:\/\/www.taxi-aeroport-lyon-saint-exupery.fr\/?post_type=product&#038;p=1208"},"modified":"2024-04-19T17:36:46","modified_gmt":"2024-04-19T17:36:46","slug":"taxi-neuville-sur-saone-vers-laeroport","status":"publish","type":"product","link":"https:\/\/www.taxi-aeroport-lyon-saint-exupery.fr\/en\/produit\/taxi-neuville-sur-saone-vers-laeroport\/","title":{"rendered":"Taxi Neuville-sur-Sa\u00f4ne vers l\u2019a\u00e9roport"},"content":{"rendered":"<p><img fetchpriority=\"high\" decoding=\"async\" class=\"alignnone size-medium wp-image-364\" src=\"https:\/\/www.taxi-aeroport-lyon-saint-exupery.fr\/wp-content\/uploads\/2023\/05\/image3-6-300x200.jpeg\" alt=\"Taxi Ecully\" width=\"300\" height=\"200\" srcset=\"https:\/\/www.taxi-aeroport-lyon-saint-exupery.fr\/wp-content\/uploads\/2023\/05\/image3-6-300x200.jpeg 300w, https:\/\/www.taxi-aeroport-lyon-saint-exupery.fr\/wp-content\/uploads\/2023\/05\/image3-6.jpeg 500w\" sizes=\"(max-width: 300px) 100vw, 300px\" \/><\/p>\n<p><b>R\u00e9server un Taxi a Neuville-sur-Sa\u00f4ne<\/b><\/p>\n<p>Vous souhaitez vous rendre a <b>l\u2019a\u00e9roport de Lyon Saint-Exup\u00e9ry<\/b> ou a <b>la Gare de Lyon Part Dieu ?<\/b><\/p>\n<p><b>Transport Prestige69 <\/b>\u00a0vous propose un service de <b>r\u00e9servation taxis sur Neuville-sur-Sa\u00f4ne<\/b>, D\u00e9s l&#8217;acceptation de votre r\u00e9servation de taxi Neuville-sur-Sa\u00f4ne par un chauffeur , vous recevez un SMS et un Email contenant les coordonn\u00e9es du chauffeur qui correspond \u00e0 votre demande.<\/p>\n<p><b>RESERVER UN TAXI A L\u2019A\u00c9ROPORT DE LYON SAINT-EXUP\u00c9RY<\/b> vers Neuville-sur-Sa\u00f4ne<\/p>\n<p>R\u00e9server un chauffeur de taxi \u00e0 l\u2019a\u00e9roport de Lyon Saint-Exup\u00e9ry vers <b>Neuville-sur-Sa\u00f4ne<\/b> . Vous pouvez commander votre taxi imm\u00e9diatement ou le r\u00e9server pour plus tard . service sp\u00e9cial course <b>A\u00c9ROPORT<\/b> \u00a0en taxi<\/p>\n<p><b>Transport Prestige69 <\/b>vous transporte partout en France ou en Europe pour vos d\u00e9placements longues distances en taxi depuis \/ <b>vers Neuville-sur-Sa\u00f4ne<\/b>. Demandez nous un devis d\u00e9taill\u00e9 et nous l&#8217;\u00e9tudirons ensemble et profitez d&#8217;un prix fixe<\/p>\n","protected":false},"excerpt":{"rendered":"<p>R\u00e9server un Taxi a Neuville-sur-Sa\u00f4ne Vous souhaitez vous rendre a l\u2019a\u00e9roport de Lyon Saint-Exup\u00e9ry ou a la Gare de Lyon Part Dieu ? Transport Prestige69 \u00a0vous propose un service de r\u00e9servation taxis sur Neuville-sur-Sa\u00f4ne, D\u00e9s l&#8217;acceptation de votre r\u00e9servation de taxi Neuville-sur-Sa\u00f4ne par un chauffeur , vous recevez un SMS et un Email contenant les [&hellip;]<\/p>\n","protected":false},"featured_media":0,"comment_status":"open","ping_status":"closed","template":"","meta":[],"product_brand":[],"product_cat":[18],"product_tag":[],"class_list":{"0":"post-1208","1":"product","2":"type-product","3":"status-publish","5":"product_cat-taxi-aeroport-de-lyon-saint-exupery","7":"first","8":"instock","9":"taxable","10":"shipping-taxable","11":"purchasable","12":"product-type-simple"},"_links":{"self":[{"href":"https:\/\/www.taxi-aeroport-lyon-saint-exupery.fr\/en\/wp-json\/wp\/v2\/product\/1208","targetHints":{"allow":["GET"]}}],"collection":[{"href":"https:\/\/www.taxi-aeroport-lyon-saint-exupery.fr\/en\/wp-json\/wp\/v2\/product"}],"about":[{"href":"https:\/\/www.taxi-aeroport-lyon-saint-exupery.fr\/en\/wp-json\/wp\/v2\/types\/product"}],"replies":[{"embeddable":true,"href":"https:\/\/www.taxi-aeroport-lyon-saint-exupery.fr\/en\/wp-json\/wp\/v2\/comments?post=1208"}],"wp:attachment":[{"href":"https:\/\/www.taxi-aeroport-lyon-saint-exupery.fr\/en\/wp-json\/wp\/v2\/media?parent=1208"}],"wp:term":[{"taxonomy":"product_brand","embeddable":true,"href":"https:\/\/www.taxi-aeroport-lyon-saint-exupery.fr\/en\/wp-json\/wp\/v2\/product_brand?post=1208"},{"taxonomy":"product_cat","embeddable":true,"href":"https:\/\/www.taxi-aeroport-lyon-saint-exupery.fr\/en\/wp-json\/wp\/v2\/product_cat?post=1208"},{"taxonomy":"product_tag","embeddable":true,"href":"https:\/\/www.taxi-aeroport-lyon-saint-exupery.fr\/en\/wp-json\/wp\/v2\/product_tag?post=1208"}],"curies":[{"name":"wp","href":"https:\/\/api.w.org\/{rel}","templated":true}]}}