{"id":1081,"date":"2024-03-26T17:38:56","date_gmt":"2024-03-26T17:38:56","guid":{"rendered":"https:\/\/www.taxi-aeroport-lyon-saint-exupery.fr\/?post_type=product&#038;p=1081"},"modified":"2024-04-08T13:37:54","modified_gmt":"2024-04-08T13:37:54","slug":"taxi-dardilly","status":"publish","type":"product","link":"https:\/\/www.taxi-aeroport-lyon-saint-exupery.fr\/ru\/produit\/taxi-dardilly\/","title":{"rendered":"Taxi Dardilly"},"content":{"rendered":"<p><img fetchpriority=\"high\" decoding=\"async\" class=\"alignnone size-medium wp-image-358\" src=\"https:\/\/www.taxi-aeroport-lyon-saint-exupery.fr\/wp-content\/uploads\/2023\/05\/image2-10-300x200.jpeg\" alt=\"Taxi Dardilly\" width=\"300\" height=\"200\" srcset=\"https:\/\/www.taxi-aeroport-lyon-saint-exupery.fr\/wp-content\/uploads\/2023\/05\/image2-10-300x200.jpeg 300w, https:\/\/www.taxi-aeroport-lyon-saint-exupery.fr\/wp-content\/uploads\/2023\/05\/image2-10.jpeg 500w\" sizes=\"(max-width: 300px) 100vw, 300px\" \/><\/p>\n<p>R\u00e9servez v\u00f4tre\u00a0<b>taxi Dardilly\u00a0<\/b>vers l\u2019a\u00e9roport de Lyon Saint-Exup\u00e9ry.<\/p>\n<p><strong>Transport Prestige 69<\/strong>, l\u2019alternative id\u00e9ale aux <strong>taxis de l\u2019a\u00e9roport de Lyon Saint-Exup\u00e9ry<\/strong>. Nous vous offrons un service de transport fiable et de qualit\u00e9 sup\u00e9rieure.<\/p>\n<p>Notre \u00e9quipe de chauffeurs professionnels est l\u00e0 pour vous conduire en toute s\u00e9curit\u00e9 et confortablement. Nous assurons aussi les trajets depuis Lyon centre.<\/p>\n<p>Nos chauffeurs sont des professionnels exp\u00e9riment\u00e9s et qualifi\u00e9s. Ils connaissent parfaitement<strong> la r\u00e9gion de Lyon<\/strong> et sont form\u00e9s pour vous offrir un service de <strong>transport premium<\/strong>. Vous pouvez avoir confiance en notre \u00e9quipe pour vous conduire en toute s\u00e9curit\u00e9 \u00e0 votre destination.<\/p>\n<p>Nous mettons tout en \u0153uvre pour vous offrir un voyage confortable et pratique.<\/p>\n<p>Nos v\u00e9hicules sont spacieux, propres et \u00e9quip\u00e9s de toutes les commodit\u00e9s n\u00e9cessaires pour rendre votre <strong>transfert<\/strong> vers ou depuis <strong>l\u2019a\u00e9roport de Lyon Saint Exup\u00e9ry<\/strong> agr\u00e9able.<\/p>\n<p>Avec un <strong>acc\u00e8s prioritaire<\/strong> aux a\u00e9roports et aux gares sans limite de temps, la prise en charge et la d\u00e9pose client\u00e8le se fait \u00e0 la porte des terminaux et aux pieds des gares vous garantissant <strong>un trajet s\u00e9curis\u00e9<\/strong>.<\/p>\n<p>Tous les chauffeurs ont l\u2019habilitation d\u2019emprunter les voies rapide r\u00e9serv\u00e9es <b>BUS<\/b> et <b>TAXI<\/b> pour un <strong>transfert optimis\u00e9, s\u00e9curis\u00e9 et \u00e9conomique.<\/strong><\/p>\n<p>La r\u00e9servation d\u2019un taxi n\u2019a jamais \u00e9t\u00e9 aussi simple !<\/p>\n<p>Avec le site internet <b>Transport Prestige 69<\/b>, vous pouvez <b>r\u00e9server votre TAXI <\/b>en seulement quelques minutes. Il vous suffit de renseigner vos informations de d\u00e9part, destination et horaires souhait\u00e9s, puis de s\u00e9lectionner le type de v\u00e9hicule qui convient le mieux \u00e0 vos besoins.<\/p>\n<p>Une fois votre r\u00e9servation confirm\u00e9e, il ne vous reste plus qu\u2019\u00e0 profiter de votre trajet en toute tranquillit\u00e9.<\/p>\n","protected":false},"excerpt":{"rendered":"<p>R\u00e9servez v\u00f4tre\u00a0taxi Dardilly\u00a0vers l\u2019a\u00e9roport de Lyon Saint-Exup\u00e9ry. Transport Prestige 69, l\u2019alternative id\u00e9ale aux taxis de l\u2019a\u00e9roport de Lyon Saint-Exup\u00e9ry. Nous vous offrons un service de transport fiable et de qualit\u00e9 sup\u00e9rieure. Notre \u00e9quipe de chauffeurs professionnels est l\u00e0 pour vous conduire en toute s\u00e9curit\u00e9 et confortablement. Nous assurons aussi les trajets depuis Lyon centre. Nos [&hellip;]<\/p>\n","protected":false},"featured_media":358,"comment_status":"open","ping_status":"closed","template":"","meta":[],"product_brand":[],"product_cat":[18],"product_tag":[],"class_list":{"0":"post-1081","1":"product","2":"type-product","3":"status-publish","4":"has-post-thumbnail","6":"product_cat-taxi-aeroport-de-lyon-saint-exupery","8":"first","9":"instock","10":"featured","11":"taxable","12":"shipping-taxable","13":"purchasable","14":"product-type-simple"},"_links":{"self":[{"href":"https:\/\/www.taxi-aeroport-lyon-saint-exupery.fr\/ru\/wp-json\/wp\/v2\/product\/1081","targetHints":{"allow":["GET"]}}],"collection":[{"href":"https:\/\/www.taxi-aeroport-lyon-saint-exupery.fr\/ru\/wp-json\/wp\/v2\/product"}],"about":[{"href":"https:\/\/www.taxi-aeroport-lyon-saint-exupery.fr\/ru\/wp-json\/wp\/v2\/types\/product"}],"replies":[{"embeddable":true,"href":"https:\/\/www.taxi-aeroport-lyon-saint-exupery.fr\/ru\/wp-json\/wp\/v2\/comments?post=1081"}],"wp:featuredmedia":[{"embeddable":true,"href":"https:\/\/www.taxi-aeroport-lyon-saint-exupery.fr\/ru\/wp-json\/wp\/v2\/media\/358"}],"wp:attachment":[{"href":"https:\/\/www.taxi-aeroport-lyon-saint-exupery.fr\/ru\/wp-json\/wp\/v2\/media?parent=1081"}],"wp:term":[{"taxonomy":"product_brand","embeddable":true,"href":"https:\/\/www.taxi-aeroport-lyon-saint-exupery.fr\/ru\/wp-json\/wp\/v2\/product_brand?post=1081"},{"taxonomy":"product_cat","embeddable":true,"href":"https:\/\/www.taxi-aeroport-lyon-saint-exupery.fr\/ru\/wp-json\/wp\/v2\/product_cat?post=1081"},{"taxonomy":"product_tag","embeddable":true,"href":"https:\/\/www.taxi-aeroport-lyon-saint-exupery.fr\/ru\/wp-json\/wp\/v2\/product_tag?post=1081"}],"curies":[{"name":"wp","href":"https:\/\/api.w.org\/{rel}","templated":true}]}}